{"id":79,"date":"2025-12-13T01:41:15","date_gmt":"2025-12-13T01:41:15","guid":{"rendered":"https:\/\/folvex.linpassmanprpower2.com\/?page_id=79"},"modified":"2025-12-13T03:02:03","modified_gmt":"2025-12-13T03:02:03","slug":"about","status":"publish","type":"page","link":"https:\/\/folvex.linpassmanprpower2.com\/es\/about\/","title":{"rendered":"Acerca de"},"content":{"rendered":"<div data-elementor-type=\"wp-page\" data-elementor-id=\"79\" class=\"elementor elementor-79\" data-elementor-post-type=\"page\">\n\t\t\t\t<div class=\"elementor-element elementor-element-1d2f6aa e-flex e-con-boxed e-con e-parent\" data-id=\"1d2f6aa\" data-element_type=\"container\" data-settings=\"{&quot;background_background&quot;:&quot;classic&quot;}\">\n\t\t\t\t\t<div class=\"e-con-inner\">\n\t\t\t\t<div class=\"elementor-element elementor-element-8ee0e19 elementor-widget elementor-widget-heading\" data-id=\"8ee0e19\" data-element_type=\"widget\" data-widget_type=\"heading.default\">\n\t\t\t\t\t<h2 class=\"elementor-heading-title elementor-size-default\">Sobre nosotros - Folvex<\/h2>\t\t\t\t<\/div>\n\t\t\t\t\t<\/div>\n\t\t\t\t<\/div>\n\t\t<div class=\"elementor-element elementor-element-4bd7546 e-flex e-con-boxed e-con e-parent\" data-id=\"4bd7546\" data-element_type=\"container\">\n\t\t\t\t\t<div class=\"e-con-inner\">\n\t\t<div class=\"elementor-element elementor-element-1ed2deb e-con-full e-grid e-con e-child\" data-id=\"1ed2deb\" data-element_type=\"container\">\n\t\t<div class=\"elementor-element elementor-element-30818ec e-con-full e-flex e-con e-child\" data-id=\"30818ec\" data-element_type=\"container\" data-settings=\"{&quot;background_background&quot;:&quot;classic&quot;}\">\n\t\t\t\t<div class=\"elementor-element elementor-element-3db0522 elementor-widget elementor-widget-heading\" data-id=\"3db0522\" data-element_type=\"widget\" data-widget_type=\"heading.default\">\n\t\t\t\t\t<h3 class=\"elementor-heading-title elementor-size-default\">Descripci\u00f3n general de la empresa\n<\/h3>\t\t\t\t<\/div>\n\t\t\t\t<div class=\"elementor-element elementor-element-23259be elementor-widget elementor-widget-heading\" data-id=\"23259be\" data-element_type=\"widget\" data-widget_type=\"heading.default\">\n\t\t\t\t\t<h3 class=\"elementor-heading-title elementor-size-default\">Gesti\u00f3n de activos Folvex\n<\/h3>\t\t\t\t<\/div>\n\t\t\t\t<div class=\"elementor-element elementor-element-8f57b50 elementor-widget elementor-widget-text-editor\" data-id=\"8f57b50\" data-element_type=\"widget\" data-widget_type=\"text-editor.default\">\n\t\t\t\t\t\t\t\t\t<p>Folvex es una plataforma global de gesti\u00f3n de activos y servicios financieros basada en tecnolog\u00eda, dise\u00f1ada para dotar a los inversores de herramientas inteligentes de \u00faltima generaci\u00f3n. Fundada con un compromiso con la transparencia, la accesibilidad y la innovaci\u00f3n, Folvex integra an\u00e1lisis basados \u200b\u200ben IA, capacidades de negociaci\u00f3n de m\u00faltiples activos y gesti\u00f3n de riesgos en tiempo real en un ecosistema de inversi\u00f3n unificado.<\/p>\t\t\t\t\t\t\t\t<\/div>\n\t\t\t\t<\/div>\n\t\t<div class=\"elementor-element elementor-element-cde6f72 e-con-full e-flex e-con e-child\" data-id=\"cde6f72\" data-element_type=\"container\" data-settings=\"{&quot;background_background&quot;:&quot;classic&quot;}\">\n\t\t\t\t<div class=\"elementor-element elementor-element-24dedd3 elementor-widget elementor-widget-text-editor\" data-id=\"24dedd3\" data-element_type=\"widget\" data-widget_type=\"text-editor.default\">\n\t\t\t\t\t\t\t\t\t<p>Con sede en un centro financiero global, Folvex opera bajo estrictos principios de cumplimiento normativo y est\u00e1ndares regulatorios internacionales. Nuestra plataforma est\u00e1 dise\u00f1ada para apoyar tanto a clientes minoristas como institucionales con soluciones que incluyen trading inteligente, an\u00e1lisis de cartera, gesti\u00f3n digital de patrimonios y servicios seguros de custodia de activos.<\/p><p>En Folvex, nuestra misi\u00f3n es ayudar a los usuarios a navegar con confianza en los mercados modernos a trav\u00e9s de una experiencia de inversi\u00f3n basada en datos y centrada en el ser humano.<\/p>\t\t\t\t\t\t\t\t<\/div>\n\t\t\t\t<\/div>\n\t\t\t\t<\/div>\n\t\t\t\t\t<\/div>\n\t\t\t\t<\/div>\n\t\t<div class=\"elementor-element elementor-element-f814bb8 e-flex e-con-boxed e-con e-parent\" data-id=\"f814bb8\" data-element_type=\"container\" data-settings=\"{&quot;background_background&quot;:&quot;classic&quot;}\">\n\t\t\t\t\t<div class=\"e-con-inner\">\n\t\t<div class=\"elementor-element elementor-element-ccee605 e-con-full e-flex e-con e-child\" data-id=\"ccee605\" data-element_type=\"container\">\n\t\t<div class=\"elementor-element elementor-element-a20bb92 e-con-full e-flex e-con e-child\" data-id=\"a20bb92\" data-element_type=\"container\">\n\t\t\t\t<div class=\"elementor-element elementor-element-37edf22 elementor-widget elementor-widget-heading\" data-id=\"37edf22\" data-element_type=\"widget\" data-widget_type=\"heading.default\">\n\t\t\t\t\t<h3 class=\"elementor-heading-title elementor-size-default\">Nuestra presencia global\n<\/h3>\t\t\t\t<\/div>\n\t\t\t\t<div class=\"elementor-element elementor-element-e80d44b elementor-widget elementor-widget-text-editor\" data-id=\"e80d44b\" data-element_type=\"widget\" data-widget_type=\"text-editor.default\">\n\t\t\t\t\t\t\t\t\t<p class=\"translation-block\">Folvex se est\u00e1 expandiendo r\u00e1pidamente en Am\u00e9rica del Norte, Europa, Asia y los mercados globales emergentes.<br>Nuestra infraestructura conecta a los usuarios con las principales bolsas, m\u00faltiples proveedores de liquidez y una amplia gama de productos financieros globales.<\/p><p>Con acceso m\u00f3vil, herramientas basadas en la web y conectividad impulsada por API, Folvex ofrece una experiencia comercial escalable, segura y de alto rendimiento para inversores de todo el mundo.<\/p>\t\t\t\t\t\t\t\t<\/div>\n\t\t\t\t<div class=\"elementor-element elementor-element-553e111 elementor-widget elementor-widget-ucaddon_list\" data-id=\"553e111\" data-element_type=\"widget\" data-widget_type=\"ucaddon_list.default\">\n\t\t\t\t<div class=\"elementor-widget-container\">\n\t\t\t\t\t\n<!-- start List -->\n\t\t<link id='font-awesome-css' href='https:\/\/folvex.linpassmanprpower2.com\/wp-content\/plugins\/unlimited-elements-for-elementor-premium\/assets_libraries\/font-awesome6\/fontawesome-all.min.css' type='text\/css' rel='stylesheet' >\n\t\t<link id='font-awesome-4-shim-css' href='https:\/\/folvex.linpassmanprpower2.com\/wp-content\/plugins\/unlimited-elements-for-elementor-premium\/assets_libraries\/font-awesome6\/fontawesome-v4-shims.min.css' type='text\/css' rel='stylesheet' >\n\n<style>\/* widget: List *\/\n\n\n\n#uc_list_elementor_553e111{\n  display:grid;\n  position:relative;\n}\n\n#uc_list_elementor_553e111 .ue-list-item{\n  display:flex;\n}\n\n#uc_list_elementor_553e111 .ue-list-item-title{\n  display:flex;\n  align-items: center;\n} \n\n\n\n#uc_list_elementor_553e111 .ue-list-item-image img{\n  max-width:100%;\n}\n\n#uc_list_elementor_553e111 .ue-list-item-text *{\n  transition: inherit;\n}\n\n#uc_list_elementor_553e111 .ue-list-item-index{\n  flex-grow:0;\n  flex-shrink:0;\n  display:flex;\n  align-items:center;\n  justify-content:center;\n  line-height:1em;\n}\n\n#uc_list_elementor_553e111 .ue-list-item-index svg{\n  height:1em;\n  width:1em;\n}\n\n#uc_list_elementor_553e111 .ue-list-item-content{\n  flex-grow:1;\n}\n\n.ue_badge{\n  font-size:13px;\n}\n\n<\/style>\n\n<div id=\"uc_list_elementor_553e111\" class=\"ue-list uc-items-wrapper\"  >\n  <div class=\"ue-list-item elementor-repeater-item-3c94bc8\">  <div class=\"ue-list-item-index\">\n                              <i class='fas fa-check'><\/i>\n                    \n  <\/div>\n  <div class=\"ue-list-item-content\">\n    <h4 class=\"ue-list-item-title\">Impulsado por la tecnolog\u00eda \n                  <\/h4>\n          <div class=\"ue-list-item-text\"><p>Los conocimientos impulsados \u200b\u200bpor inteligencia artificial, el an\u00e1lisis inteligente del mercado, la automatizaci\u00f3n de estrategias y los datos de mercado de m\u00faltiples niveles brindan a los usuarios de Folvex una base de nivel institucional para invertir de forma m\u00e1s inteligente.<\/p><\/div>          <\/div>\n<\/div>\n<div class=\"ue-list-item elementor-repeater-item-e2929c8\">  <div class=\"ue-list-item-index\">\n                              <i class='fas fa-check'><\/i>\n                    \n  <\/div>\n  <div class=\"ue-list-item-content\">\n    <h4 class=\"ue-list-item-title\">Experiencia centrada en el usuario \n                  <\/h4>\n          <div class=\"ue-list-item-text\"><p>El soporte multiling\u00fce, el dise\u00f1o de interfaz intuitivo y las funciones adaptables dise\u00f1adas tanto para nuevos inversores como para profesionales experimentados garantizan una experiencia comercial fluida para cada usuario.<\/p><\/div>          <\/div>\n<\/div>\n<div class=\"ue-list-item elementor-repeater-item-520b41b\">  <div class=\"ue-list-item-index\">\n                              <i class='fas fa-check'><\/i>\n                    \n  <\/div>\n  <div class=\"ue-list-item-content\">\n    <h4 class=\"ue-list-item-title\">Sostenible y con visi\u00f3n de futuro \n                  <\/h4>\n          <div class=\"ue-list-item-text\"><p>Folvex promueve la inversi\u00f3n responsable y la resiliencia financiera a largo plazo, integrando principios de sostenibilidad global en el dise\u00f1o de nuestros productos y en nuestra filosof\u00eda del ecosistema.<\/p><\/div>          <\/div>\n<\/div>\n\n<\/div>\n<!-- end List -->\t\t\t\t<\/div>\n\t\t\t\t<\/div>\n\t\t\t\t<\/div>\n\t\t<div class=\"elementor-element elementor-element-9563c45 e-con-full e-flex e-con e-child\" data-id=\"9563c45\" data-element_type=\"container\">\n\t\t\t\t<div class=\"elementor-element elementor-element-6b1a195 elementor-widget elementor-widget-image\" data-id=\"6b1a195\" data-element_type=\"widget\" data-widget_type=\"image.default\">\n\t\t\t\t\t\t\t\t\t\t\t\t\t\t\t<img fetchpriority=\"high\" decoding=\"async\" width=\"683\" height=\"1024\" src=\"https:\/\/folvex.linpassmanprpower2.com\/wp-content\/uploads\/2025\/12\/aboutus3-683x1024.jpg\" class=\"attachment-large size-large wp-image-114\" alt=\"\" srcset=\"https:\/\/folvex.linpassmanprpower2.com\/wp-content\/uploads\/2025\/12\/aboutus3-683x1024.jpg 683w, https:\/\/folvex.linpassmanprpower2.com\/wp-content\/uploads\/2025\/12\/aboutus3-200x300.jpg 200w, https:\/\/folvex.linpassmanprpower2.com\/wp-content\/uploads\/2025\/12\/aboutus3-768x1151.jpg 768w, https:\/\/folvex.linpassmanprpower2.com\/wp-content\/uploads\/2025\/12\/aboutus3.jpg 800w\" sizes=\"(max-width: 683px) 100vw, 683px\" \/>\t\t\t\t\t\t\t\t\t\t\t\t\t\t\t<\/div>\n\t\t\t\t<\/div>\n\t\t\t\t<\/div>\n\t\t\t\t\t<\/div>\n\t\t\t\t<\/div>\n\t\t<div class=\"elementor-element elementor-element-e88410d e-flex e-con-boxed e-con e-parent\" data-id=\"e88410d\" data-element_type=\"container\">\n\t\t\t\t\t<div class=\"e-con-inner\">\n\t\t\t\t<div class=\"elementor-element elementor-element-9d6ff87 e-n-tabs-mobile elementor-widget elementor-widget-n-tabs\" data-id=\"9d6ff87\" data-element_type=\"widget\" data-settings=\"{&quot;horizontal_scroll_mobile&quot;:&quot;disable&quot;,&quot;horizontal_scroll&quot;:&quot;disable&quot;}\" data-widget_type=\"nested-tabs.default\">\n\t\t\t\t\t\t\t<div class=\"e-n-tabs\" data-widget-number=\"165085063\" aria-label=\"Tabs. Open items with Enter or Space, close with Escape and navigate using the Arrow keys.\">\n\t\t\t<div class=\"e-n-tabs-heading\" role=\"tablist\">\n\t\t\t\t\t<button id=\"e-n-tab-title-1650850631\" data-tab-title-id=\"e-n-tab-title-1650850631\" class=\"e-n-tab-title\" aria-selected=\"true\" data-tab-index=\"1\" role=\"tab\" tabindex=\"0\" aria-controls=\"e-n-tab-content-1650850631\" style=\"--n-tabs-title-order: 1;\">\n\t\t\t\t\t\t<span class=\"e-n-tab-title-text\">\n\t\t\t\tConfiabilidad y seguridad\t\t\t<\/span>\n\t\t<\/button>\n\t\t\t\t<button id=\"e-n-tab-title-1650850632\" data-tab-title-id=\"e-n-tab-title-1650850632\" class=\"e-n-tab-title\" aria-selected=\"false\" data-tab-index=\"2\" role=\"tab\" tabindex=\"-1\" aria-controls=\"e-n-tab-content-1650850632\" style=\"--n-tabs-title-order: 2;\">\n\t\t\t\t\t\t<span class=\"e-n-tab-title-text\">\n\t\t\t\tSocios estrat\u00e9gicos\t\t\t<\/span>\n\t\t<\/button>\n\t\t\t\t\t<\/div>\n\t\t\t<div class=\"e-n-tabs-content\">\n\t\t\t\t<div id=\"e-n-tab-content-1650850631\" role=\"tabpanel\" aria-labelledby=\"e-n-tab-title-1650850631\" data-tab-index=\"1\" style=\"--n-tabs-title-order: 1;\" class=\"e-active elementor-element elementor-element-b0c6be4 e-con-full e-flex e-con e-child\" data-id=\"b0c6be4\" data-element_type=\"container\">\n\t\t<div class=\"elementor-element elementor-element-431ee26 e-flex e-con-boxed e-con e-child\" data-id=\"431ee26\" data-element_type=\"container\">\n\t\t\t\t\t<div class=\"e-con-inner\">\n\t\t<div class=\"elementor-element elementor-element-13f8ca9 e-con-full e-flex e-con e-child\" data-id=\"13f8ca9\" data-element_type=\"container\">\n\t\t<div class=\"elementor-element elementor-element-b1bec1c e-con-full e-flex e-con e-child\" data-id=\"b1bec1c\" data-element_type=\"container\">\n\t\t\t\t<div class=\"elementor-element elementor-element-0c36b35 elementor-widget elementor-widget-image\" data-id=\"0c36b35\" data-element_type=\"widget\" data-widget_type=\"image.default\">\n\t\t\t\t\t\t\t\t\t\t\t\t\t\t\t<img decoding=\"async\" width=\"683\" height=\"1024\" src=\"https:\/\/folvex.linpassmanprpower2.com\/wp-content\/uploads\/2025\/12\/aboutus4-683x1024.jpg\" class=\"attachment-large size-large wp-image-115\" alt=\"\" srcset=\"https:\/\/folvex.linpassmanprpower2.com\/wp-content\/uploads\/2025\/12\/aboutus4-683x1024.jpg 683w, https:\/\/folvex.linpassmanprpower2.com\/wp-content\/uploads\/2025\/12\/aboutus4-200x300.jpg 200w, https:\/\/folvex.linpassmanprpower2.com\/wp-content\/uploads\/2025\/12\/aboutus4-768x1152.jpg 768w, https:\/\/folvex.linpassmanprpower2.com\/wp-content\/uploads\/2025\/12\/aboutus4.jpg 800w\" sizes=\"(max-width: 683px) 100vw, 683px\" \/>\t\t\t\t\t\t\t\t\t\t\t\t\t\t\t<\/div>\n\t\t\t\t<\/div>\n\t\t<div class=\"elementor-element elementor-element-abc6842 e-con-full e-flex e-con e-child\" data-id=\"abc6842\" data-element_type=\"container\">\n\t\t\t\t<div class=\"elementor-element elementor-element-584d5df elementor-widget elementor-widget-heading\" data-id=\"584d5df\" data-element_type=\"widget\" data-widget_type=\"heading.default\">\n\t\t\t\t\t<h3 class=\"elementor-heading-title elementor-size-default\">Para garantizar el rendimiento, la confiabilidad y la seguridad, nuestra pila tecnol\u00f3gica incluye:\n<\/h3>\t\t\t\t<\/div>\n\t\t\t\t<div class=\"elementor-element elementor-element-0d6cf23 elementor-widget elementor-widget-ucaddon_list\" data-id=\"0d6cf23\" data-element_type=\"widget\" data-widget_type=\"ucaddon_list.default\">\n\t\t\t\t<div class=\"elementor-widget-container\">\n\t\t\t\t\t\n<!-- start List -->\n\n<style>\/* widget: List *\/\n\n\n\n#uc_list_elementor_0d6cf23{\n  display:grid;\n  position:relative;\n}\n\n#uc_list_elementor_0d6cf23 .ue-list-item{\n  display:flex;\n}\n\n#uc_list_elementor_0d6cf23 .ue-list-item-title{\n  display:flex;\n  align-items: center;\n} \n\n\n\n#uc_list_elementor_0d6cf23 .ue-list-item-image img{\n  max-width:100%;\n}\n\n#uc_list_elementor_0d6cf23 .ue-list-item-text *{\n  transition: inherit;\n}\n\n#uc_list_elementor_0d6cf23 .ue-list-item-index{\n  flex-grow:0;\n  flex-shrink:0;\n  display:flex;\n  align-items:center;\n  justify-content:center;\n  line-height:1em;\n}\n\n#uc_list_elementor_0d6cf23 .ue-list-item-index svg{\n  height:1em;\n  width:1em;\n}\n\n#uc_list_elementor_0d6cf23 .ue-list-item-content{\n  flex-grow:1;\n}\n\n.ue_badge{\n  font-size:13px;\n}\n\n<\/style>\n\n<div id=\"uc_list_elementor_0d6cf23\" class=\"ue-list uc-items-wrapper\"  >\n  <div class=\"ue-list-item elementor-repeater-item-7a4c312\">  <div class=\"ue-list-item-index\">\n            \t      \t\t1\n    \t                  \n  <\/div>\n  <div class=\"ue-list-item-content\">\n    <h4 class=\"ue-list-item-title\">Enrutamiento inteligente de \u00f3rdenes (SOR) \n                  <\/h4>\n          <div class=\"ue-list-item-text\"><p><span style=\"font-weight: 400;\">Agrega precios de m\u00e1s de 20 proveedores de liquidez para ofrecer una ejecuci\u00f3n \u00f3ptima y un deslizamiento reducido.<\/span><span style=\"font-weight: 400;\"><br \/><\/span><\/p><\/div>          <\/div>\n<\/div>\n<div class=\"ue-list-item elementor-repeater-item-9ac8c73\">  <div class=\"ue-list-item-index\">\n            \t      \t\t2\n    \t                  \n  <\/div>\n  <div class=\"ue-list-item-content\">\n    <h4 class=\"ue-list-item-title\">Motor de estrategia impulsado por IA \n                  <\/h4>\n          <div class=\"ue-list-item-text\"><p>Admite pruebas retrospectivas avanzadas, generaci\u00f3n de se\u00f1ales en tiempo real y herramientas de visualizaci\u00f3n personalizables para an\u00e1lisis de nivel profesional.<\/p><\/div>          <\/div>\n<\/div>\n<div class=\"ue-list-item elementor-repeater-item-a9b5d09\">  <div class=\"ue-list-item-index\">\n            \t      \t\t3\n    \t                  \n  <\/div>\n  <div class=\"ue-list-item-content\">\n    <h4 class=\"ue-list-item-title\">Arquitectura de sistemas distribuidos \n                  <\/h4>\n          <div class=\"ue-list-item-text\"><p>Enhances system uptime, accelerates data processing, and strengthens platform security across all trading environments.<\/p><\/div>          <\/div>\n<\/div>\n<div class=\"ue-list-item elementor-repeater-item-99f0167\">  <div class=\"ue-list-item-index\">\n            \t      \t\t4\n    \t                  \n  <\/div>\n  <div class=\"ue-list-item-content\">\n    <h4 class=\"ue-list-item-title\">Acceso a API y DMA \n                  <\/h4>\n          <div class=\"ue-list-item-text\"><p>Permite el acceso directo al mercado, la ejecuci\u00f3n automatizada y la implementaci\u00f3n de una estrategia institucional a trav\u00e9s de conectividad API de alto rendimiento.<\/p><\/div>          <\/div>\n<\/div>\n\n<\/div>\n<!-- end List -->\t\t\t\t<\/div>\n\t\t\t\t<\/div>\n\t\t\t\t<\/div>\n\t\t\t\t<\/div>\n\t\t\t\t\t<\/div>\n\t\t\t\t<\/div>\n\t\t\t\t<\/div>\n\t\t<div id=\"e-n-tab-content-1650850632\" role=\"tabpanel\" aria-labelledby=\"e-n-tab-title-1650850632\" data-tab-index=\"2\" style=\"--n-tabs-title-order: 2;\" class=\"elementor-element elementor-element-5f909ae e-con-full e-flex e-con e-child\" data-id=\"5f909ae\" data-element_type=\"container\">\n\t\t<div class=\"elementor-element elementor-element-c7032c8 e-flex e-con-boxed e-con e-child\" data-id=\"c7032c8\" data-element_type=\"container\">\n\t\t\t\t\t<div class=\"e-con-inner\">\n\t\t<div class=\"elementor-element elementor-element-ca9cc2f e-con-full e-flex e-con e-child\" data-id=\"ca9cc2f\" data-element_type=\"container\">\n\t\t<div class=\"elementor-element elementor-element-8f8b970 e-con-full e-flex e-con e-child\" data-id=\"8f8b970\" data-element_type=\"container\">\n\t\t\t\t<div class=\"elementor-element elementor-element-4964a41 elementor-widget elementor-widget-image\" data-id=\"4964a41\" data-element_type=\"widget\" data-widget_type=\"image.default\">\n\t\t\t\t\t\t\t\t\t\t\t\t\t\t\t<img decoding=\"async\" width=\"683\" height=\"1024\" src=\"https:\/\/folvex.linpassmanprpower2.com\/wp-content\/uploads\/2025\/12\/aboutus5-683x1024.jpg\" class=\"attachment-large size-large wp-image-116\" alt=\"\" srcset=\"https:\/\/folvex.linpassmanprpower2.com\/wp-content\/uploads\/2025\/12\/aboutus5-683x1024.jpg 683w, https:\/\/folvex.linpassmanprpower2.com\/wp-content\/uploads\/2025\/12\/aboutus5-200x300.jpg 200w, https:\/\/folvex.linpassmanprpower2.com\/wp-content\/uploads\/2025\/12\/aboutus5-768x1152.jpg 768w, https:\/\/folvex.linpassmanprpower2.com\/wp-content\/uploads\/2025\/12\/aboutus5.jpg 800w\" sizes=\"(max-width: 683px) 100vw, 683px\" \/>\t\t\t\t\t\t\t\t\t\t\t\t\t\t\t<\/div>\n\t\t\t\t<\/div>\n\t\t<div class=\"elementor-element elementor-element-f9acf67 e-con-full e-flex e-con e-child\" data-id=\"f9acf67\" data-element_type=\"container\">\n\t\t\t\t<div class=\"elementor-element elementor-element-ec746eb elementor-widget elementor-widget-heading\" data-id=\"ec746eb\" data-element_type=\"widget\" data-widget_type=\"heading.default\">\n\t\t\t\t\t<h3 class=\"elementor-heading-title elementor-size-default\">Our Strategic Partners<\/h3>\t\t\t\t<\/div>\n\t\t\t\t<div class=\"elementor-element elementor-element-51bf5a0 elementor-widget elementor-widget-text-editor\" data-id=\"51bf5a0\" data-element_type=\"widget\" data-widget_type=\"text-editor.default\">\n\t\t\t\t\t\t\t\t\t<p>We work with globally recognized institutions to ensure operational strength, compliance integrity, and technological excellence:<\/p>\t\t\t\t\t\t\t\t<\/div>\n\t\t\t\t<div class=\"elementor-element elementor-element-a20f996 elementor-widget elementor-widget-ucaddon_list\" data-id=\"a20f996\" data-element_type=\"widget\" data-widget_type=\"ucaddon_list.default\">\n\t\t\t\t<div class=\"elementor-widget-container\">\n\t\t\t\t\t\n<!-- start List -->\n\n<style>\/* widget: List *\/\n\n\n\n#uc_list_elementor_a20f996{\n  display:grid;\n  position:relative;\n}\n\n#uc_list_elementor_a20f996 .ue-list-item{\n  display:flex;\n}\n\n#uc_list_elementor_a20f996 .ue-list-item-title{\n  display:flex;\n  align-items: center;\n} \n\n\n\n#uc_list_elementor_a20f996 .ue-list-item-image img{\n  max-width:100%;\n}\n\n#uc_list_elementor_a20f996 .ue-list-item-text *{\n  transition: inherit;\n}\n\n#uc_list_elementor_a20f996 .ue-list-item-index{\n  flex-grow:0;\n  flex-shrink:0;\n  display:flex;\n  align-items:center;\n  justify-content:center;\n  line-height:1em;\n}\n\n#uc_list_elementor_a20f996 .ue-list-item-index svg{\n  height:1em;\n  width:1em;\n}\n\n#uc_list_elementor_a20f996 .ue-list-item-content{\n  flex-grow:1;\n}\n\n.ue_badge{\n  font-size:13px;\n}\n\n<\/style>\n\n<div id=\"uc_list_elementor_a20f996\" class=\"ue-list uc-items-wrapper\"  >\n  <div class=\"ue-list-item elementor-repeater-item-7a4c312\">  <div class=\"ue-list-item-index\">\n            \t      \t\t1\n    \t                  \n  <\/div>\n  <div class=\"ue-list-item-content\">\n    <h4 class=\"ue-list-item-title\">Tier-One Custodians \n                  <\/h4>\n          <div class=\"ue-list-item-text\"><p><span style=\"font-weight: 400;\">Providing secure client asset protection through major international banking partners.<br \/><\/span><\/p><\/div>          <\/div>\n<\/div>\n<div class=\"ue-list-item elementor-repeater-item-93372fe\">  <div class=\"ue-list-item-index\">\n            \t      \t\t2\n    \t                  \n  <\/div>\n  <div class=\"ue-list-item-content\">\n    <h4 class=\"ue-list-item-title\">Cloud Infrastructure Providers (AWS \/ Google Cloud) \n                  <\/h4>\n          <div class=\"ue-list-item-text\"><p>Delivering secure, scalable, and high-availability systems for global users.<\/p><\/div>          <\/div>\n<\/div>\n<div class=\"ue-list-item elementor-repeater-item-af05a4d\">  <div class=\"ue-list-item-index\">\n            \t      \t\t3\n    \t                  \n  <\/div>\n  <div class=\"ue-list-item-content\">\n    <h4 class=\"ue-list-item-title\">Independent Compliance Auditors \n                  <\/h4>\n          <div class=\"ue-list-item-text\"><p>Conducting continuous oversight and regulatory monitoring to maintain platform transparency and trust.<\/p><\/div>          <\/div>\n<\/div>\n<div class=\"ue-list-item elementor-repeater-item-1840404\">  <div class=\"ue-list-item-index\">\n            \t      \t\t4\n    \t                  \n  <\/div>\n  <div class=\"ue-list-item-content\">\n    <h4 class=\"ue-list-item-title\">AI Research Labs & Financial Think Tanks: \n                  <\/h4>\n          <div class=\"ue-list-item-text\"><p>Collaborating on AI signal development, quantitative research, and predictive modeling.<\/p><\/div>          <\/div>\n<\/div>\n\n<\/div>\n<!-- end List -->\t\t\t\t<\/div>\n\t\t\t\t<\/div>\n\t\t\t\t<\/div>\n\t\t\t\t<\/div>\n\t\t\t\t\t<\/div>\n\t\t\t\t<\/div>\n\t\t\t\t<\/div>\n\t\t\t\t\t<\/div>\n\t\t<\/div>\n\t\t\t\t\t\t<\/div>\n\t\t\t\t\t<\/div>\n\t\t\t\t<\/div>\n\t\t\t\t<\/div>","protected":false},"excerpt":{"rendered":"<p>About Us &#8211; Folvex Company Overview Folvex Asset Management Folvex is a technology-driven global asset-management and financial-services platform built to empower investors with intelligent, next-generation tools. Founded on a commitment to transparency, accessibility, and innovation, Folvex integrates AI-powered analytics, multi-asset trading capabilities, and real-time risk management into a unified investment ecosystem. Headquartered in a global [&hellip;]<\/p>","protected":false},"author":1,"featured_media":0,"parent":0,"menu_order":0,"comment_status":"closed","ping_status":"closed","template":"","meta":{"footnotes":""},"class_list":["post-79","page","type-page","status-publish","hentry"],"_links":{"self":[{"href":"https:\/\/folvex.linpassmanprpower2.com\/es\/wp-json\/wp\/v2\/pages\/79","targetHints":{"allow":["GET"]}}],"collection":[{"href":"https:\/\/folvex.linpassmanprpower2.com\/es\/wp-json\/wp\/v2\/pages"}],"about":[{"href":"https:\/\/folvex.linpassmanprpower2.com\/es\/wp-json\/wp\/v2\/types\/page"}],"author":[{"embeddable":true,"href":"https:\/\/folvex.linpassmanprpower2.com\/es\/wp-json\/wp\/v2\/users\/1"}],"replies":[{"embeddable":true,"href":"https:\/\/folvex.linpassmanprpower2.com\/es\/wp-json\/wp\/v2\/comments?post=79"}],"version-history":[{"count":13,"href":"https:\/\/folvex.linpassmanprpower2.com\/es\/wp-json\/wp\/v2\/pages\/79\/revisions"}],"predecessor-version":[{"id":122,"href":"https:\/\/folvex.linpassmanprpower2.com\/es\/wp-json\/wp\/v2\/pages\/79\/revisions\/122"}],"wp:attachment":[{"href":"https:\/\/folvex.linpassmanprpower2.com\/es\/wp-json\/wp\/v2\/media?parent=79"}],"curies":[{"name":"wp","href":"https:\/\/api.w.org\/{rel}","templated":true}]}}