{"id":95,"date":"2025-12-13T02:25:33","date_gmt":"2025-12-13T02:25:33","guid":{"rendered":"https:\/\/folvex.linpassmanprpower2.com\/?page_id=95"},"modified":"2025-12-23T04:55:05","modified_gmt":"2025-12-23T04:55:05","slug":"news-updates","status":"publish","type":"page","link":"https:\/\/folvex.linpassmanprpower2.com\/es\/news-updates\/","title":{"rendered":"Noticias y actualizaciones"},"content":{"rendered":"<div data-elementor-type=\"wp-page\" data-elementor-id=\"95\" class=\"elementor elementor-95\" data-elementor-post-type=\"page\">\n\t\t\t\t<div class=\"elementor-element elementor-element-3d43d72 e-flex e-con-boxed e-con e-parent\" data-id=\"3d43d72\" data-element_type=\"container\" data-settings=\"{&quot;background_background&quot;:&quot;classic&quot;}\">\n\t\t\t\t\t<div class=\"e-con-inner\">\n\t\t\t\t<div class=\"elementor-element elementor-element-91c5fca elementor-widget elementor-widget-heading\" data-id=\"91c5fca\" data-element_type=\"widget\" data-widget_type=\"heading.default\">\n\t\t\t\t\t<h2 class=\"elementor-heading-title elementor-size-default\">Noticias y actualizaciones<\/h2>\t\t\t\t<\/div>\n\t\t\t\t\t<\/div>\n\t\t\t\t<\/div>\n\t\t<div class=\"elementor-element elementor-element-5dde7c9 e-flex e-con-boxed e-con e-parent\" data-id=\"5dde7c9\" data-element_type=\"container\" data-settings=\"{&quot;background_background&quot;:&quot;classic&quot;}\">\n\t\t\t\t\t<div class=\"e-con-inner\">\n\t\t<div class=\"elementor-element elementor-element-8d90afd e-con-full e-grid e-con e-child\" data-id=\"8d90afd\" data-element_type=\"container\">\n\t\t<div class=\"elementor-element elementor-element-bb83981 e-con-full e-flex e-con e-child\" data-id=\"bb83981\" data-element_type=\"container\" data-settings=\"{&quot;background_background&quot;:&quot;classic&quot;}\">\n\t\t\t\t<div class=\"elementor-element elementor-element-fe1fa99 elementor-widget elementor-widget-heading\" data-id=\"fe1fa99\" data-element_type=\"widget\" data-widget_type=\"heading.default\">\n\t\t\t\t\t<h3 class=\"elementor-heading-title elementor-size-default\">Impulso del mercado impulsado por la tecnolog\u00eda: Qu\u00e9 deben tener en cuenta los inversores\n<\/h3>\t\t\t\t<\/div>\n\t\t\t\t<div class=\"elementor-element elementor-element-1bea9ab elementor-widget elementor-widget-text-editor\" data-id=\"1bea9ab\" data-element_type=\"widget\" data-widget_type=\"text-editor.default\">\n\t\t\t\t\t\t\t\t\t<p>La renta variable estadounidense continu\u00f3 mostrando fortaleza, gracias a que los sectores de infraestructura de IA, computaci\u00f3n en la nube y semiconductores lideraron la actividad del mercado. Los analistas de Folvex destacan patrones emergentes que configuran el rendimiento del cuarto trimestre y los ciclos de innovaci\u00f3n a largo plazo.<\/p>\t\t\t\t\t\t\t\t<\/div>\n\t\t\t\t<div class=\"elementor-element elementor-element-e8162a1 elementor-hidden-desktop elementor-hidden-tablet elementor-hidden-mobile elementor-widget elementor-widget-button\" data-id=\"e8162a1\" data-element_type=\"widget\" data-widget_type=\"button.default\">\n\t\t\t\t\t\t\t\t\t\t<a class=\"elementor-button elementor-button-link elementor-size-sm\" href=\"#\">\n\t\t\t\t\t\t<span class=\"elementor-button-content-wrapper\">\n\t\t\t\t\t\t\t\t\t<span class=\"elementor-button-text\">Leer m\u00e1s<\/span>\n\t\t\t\t\t<\/span>\n\t\t\t\t\t<\/a>\n\t\t\t\t\t\t\t\t<\/div>\n\t\t\t\t<\/div>\n\t\t<div class=\"elementor-element elementor-element-895476f e-con-full e-flex e-con e-child\" data-id=\"895476f\" data-element_type=\"container\" data-settings=\"{&quot;background_background&quot;:&quot;classic&quot;}\">\n\t\t\t\t<div class=\"elementor-element elementor-element-a8c4ed9 elementor-widget elementor-widget-heading\" data-id=\"a8c4ed9\" data-element_type=\"widget\" data-widget_type=\"heading.default\">\n\t\t\t\t\t<h3 class=\"elementor-heading-title elementor-size-default\">Perspectivas de inversi\u00f3n global: equilibrio entre crecimiento y volatilidad\n<\/h3>\t\t\t\t<\/div>\n\t\t\t\t<div class=\"elementor-element elementor-element-8bd5895 elementor-widget elementor-widget-text-editor\" data-id=\"8bd5895\" data-element_type=\"widget\" data-widget_type=\"text-editor.default\">\n\t\t\t\t\t\t\t\t\t<p>En nuestro \u00faltimo comentario, Folvex analiza c\u00f3mo la evoluci\u00f3n de los indicadores macroecon\u00f3micos, las fluctuaciones cambiarias y los flujos de capital transfronterizos influyen en el posicionamiento de los inversores. La diversificaci\u00f3n estrat\u00e9gica sigue siendo un tema clave de cara a 2026.<\/p>\t\t\t\t\t\t\t\t<\/div>\n\t\t\t\t<div class=\"elementor-element elementor-element-2e8a5c1 elementor-hidden-desktop elementor-hidden-tablet elementor-hidden-mobile elementor-widget elementor-widget-button\" data-id=\"2e8a5c1\" data-element_type=\"widget\" data-widget_type=\"button.default\">\n\t\t\t\t\t\t\t\t\t\t<a class=\"elementor-button elementor-button-link elementor-size-sm\" href=\"#\">\n\t\t\t\t\t\t<span class=\"elementor-button-content-wrapper\">\n\t\t\t\t\t\t\t\t\t<span class=\"elementor-button-text\">Leer m\u00e1s<\/span>\n\t\t\t\t\t<\/span>\n\t\t\t\t\t<\/a>\n\t\t\t\t\t\t\t\t<\/div>\n\t\t\t\t<\/div>\n\t\t<div class=\"elementor-element elementor-element-398add3 e-con-full e-flex e-con e-child\" data-id=\"398add3\" data-element_type=\"container\" data-settings=\"{&quot;background_background&quot;:&quot;classic&quot;}\">\n\t\t\t\t<div class=\"elementor-element elementor-element-d7e3c98 elementor-widget elementor-widget-heading\" data-id=\"d7e3c98\" data-element_type=\"widget\" data-widget_type=\"heading.default\">\n\t\t\t\t\t<h3 class=\"elementor-heading-title elementor-size-default\">Comprender las tendencias de inflaci\u00f3n y el impacto en la cartera\n<\/h3>\t\t\t\t<\/div>\n\t\t\t\t<div class=\"elementor-element elementor-element-71c12d3 elementor-widget elementor-widget-text-editor\" data-id=\"71c12d3\" data-element_type=\"widget\" data-widget_type=\"text-editor.default\">\n\t\t\t\t\t\t\t\t\t<p>La inflaci\u00f3n moderada contin\u00faa influyendo en el comportamiento de los precios de los activos en los mercados globales. El informe de an\u00e1lisis de Folvex explora qu\u00e9 sectores est\u00e1n demostrando resiliencia y c\u00f3mo los inversores pueden prepararse mejor para un entorno macroecon\u00f3mico cambiante.<\/p>\t\t\t\t\t\t\t\t<\/div>\n\t\t\t\t<div class=\"elementor-element elementor-element-0e3c735 elementor-hidden-desktop elementor-hidden-tablet elementor-hidden-mobile elementor-widget elementor-widget-button\" data-id=\"0e3c735\" data-element_type=\"widget\" data-widget_type=\"button.default\">\n\t\t\t\t\t\t\t\t\t\t<a class=\"elementor-button elementor-button-link elementor-size-sm\" href=\"#\">\n\t\t\t\t\t\t<span class=\"elementor-button-content-wrapper\">\n\t\t\t\t\t\t\t\t\t<span class=\"elementor-button-text\">Leer m\u00e1s<\/span>\n\t\t\t\t\t<\/span>\n\t\t\t\t\t<\/a>\n\t\t\t\t\t\t\t\t<\/div>\n\t\t\t\t<\/div>\n\t\t\t\t<\/div>\n\t\t\t\t\t<\/div>\n\t\t\t\t<\/div>\n\t\t\t\t<\/div>","protected":false},"excerpt":{"rendered":"<p>News &amp; Updates Tech-Led Market Momentum: What Investors Should Watch U.S. equities continued to show strength as AI infrastructure, cloud computing, and semiconductor sectors led market activity. Folvex analysts highlight emerging patterns shaping Q4 performance and long-term innovation cycles. Read More Global Investment Outlook: Balancing Growth and Volatility In our latest commentary, Folvex examines how [&hellip;]<\/p>","protected":false},"author":1,"featured_media":0,"parent":0,"menu_order":0,"comment_status":"closed","ping_status":"closed","template":"","meta":{"footnotes":""},"class_list":["post-95","page","type-page","status-publish","hentry"],"_links":{"self":[{"href":"https:\/\/folvex.linpassmanprpower2.com\/es\/wp-json\/wp\/v2\/pages\/95","targetHints":{"allow":["GET"]}}],"collection":[{"href":"https:\/\/folvex.linpassmanprpower2.com\/es\/wp-json\/wp\/v2\/pages"}],"about":[{"href":"https:\/\/folvex.linpassmanprpower2.com\/es\/wp-json\/wp\/v2\/types\/page"}],"author":[{"embeddable":true,"href":"https:\/\/folvex.linpassmanprpower2.com\/es\/wp-json\/wp\/v2\/users\/1"}],"replies":[{"embeddable":true,"href":"https:\/\/folvex.linpassmanprpower2.com\/es\/wp-json\/wp\/v2\/comments?post=95"}],"version-history":[{"count":10,"href":"https:\/\/folvex.linpassmanprpower2.com\/es\/wp-json\/wp\/v2\/pages\/95\/revisions"}],"predecessor-version":[{"id":166,"href":"https:\/\/folvex.linpassmanprpower2.com\/es\/wp-json\/wp\/v2\/pages\/95\/revisions\/166"}],"wp:attachment":[{"href":"https:\/\/folvex.linpassmanprpower2.com\/es\/wp-json\/wp\/v2\/media?parent=95"}],"curies":[{"name":"wp","href":"https:\/\/api.w.org\/{rel}","templated":true}]}}